{"id":323,"date":"2023-02-13T18:04:34","date_gmt":"2023-02-13T17:04:34","guid":{"rendered":"https:\/\/jobs-izp-rrl.de\/pagina-de-start\/"},"modified":"2025-03-18T11:48:14","modified_gmt":"2025-03-18T10:48:14","slug":"pagina-de-start","status":"publish","type":"page","link":"https:\/\/jobs-izp-rrl.de\/ro\/","title":{"rendered":"Pagina de start"},"content":{"rendered":"\n<div class=\"wp-block-columns alignfull blauer-balken has-palette-color-3-background-color has-background is-layout-flex wp-container-core-columns-is-layout-28f84493 wp-block-columns-is-layout-flex\">\n<div class=\"wp-block-column is-layout-flow wp-block-column-is-layout-flow\">\n<h1 class=\"wp-block-heading has-text-align-center has-white-color has-text-color\" style=\"text-transform:uppercase\">Aplicare rapid\u0103<\/h1>\n\n\n\n<h2 class=\"wp-block-heading has-text-align-center has-palette-color-5-color has-text-color\">G\u0103se\u0219te-\u021bi locul de munc\u0103 visat cu doar c\u00e2teva clicuri!<\/h2>\n<\/div>\n<\/div>\n\n\n\n<div style=\"height:50px\" aria-hidden=\"true\" class=\"wp-block-spacer\"><\/div>\n\n\n<div class=\"everest-forms\"><script type='text\/javascript'>\n\/* <![CDATA[ *\/\nvar evf_settings = {\"currency_code\":\"USD\",\"currency_thousands\":\",\",\"currency_decimal\":\".\",\"currency_symbol\":\"$\",\"currency_symbol_pos\":\"left\"}\n\/* ]]> *\/\n<\/script>\n<div class=\"evf-container default\" id=\"evf-327\"><form id=\"evf-form-327\" class=\"everest-form\" data-formid=\"327\" data-ajax_submission=\"0\" data-keyboard_friendly_form=\"0\" data-form_state_type=\"\" method=\"post\" enctype=\"multipart\/form-data\" action=\"\/ro\/wp-json\/wp\/v2\/pages\/323\"><div class=\"everest-forms-multi-part-indicator circles\" data-indicator=\"circles\"><ol class=\"everest-forms-multi-part--steps-list\"><li class=\"everest-forms-multi-part-indicator-title active\">PROTEC\u021aIA DATELOR<\/li><li class=\"everest-forms-multi-part-indicator-title \">DATE CU CARACTER PERSONAL<\/li><li class=\"everest-forms-multi-part-indicator-title \">APLICARE CA \u0218I<\/li><li class=\"everest-forms-multi-part-indicator-title \">REZUMAT<\/li><\/ol><\/div><div class=\"evf-field-container\"><input type=\"hidden\" id=\"_wpnonce327\" name=\"_wpnonce327\" value=\"f737868370\" \/><input type=\"hidden\" name=\"_wp_http_referer\" value=\"\/ro\/wp-json\/wp\/v2\/pages\/323\" \/><div class=\"everest-forms-part everest-forms-part-1 first\"><input type='hidden' id='evf_submission_start_time' name='evf_submission_start_time'\/><div class=\"evf-frontend-row\" data-row=\"row_4\" conditional_rules=\"[]\"><div class=\"evf-frontend-grid evf-grid-1\" data-grid=\"grid_1\"><div id=\"evf-327-field_frSOY5JIJG-6-container\" class=\"evf-field evf-field-html form-row\" data-field-id=\"frSOY5JIJG-6\"><div id=\"evf-327-field_frSOY5JIJG-6\" class=\"input-text\" conditional_id=\"frSOY5JIJG-6\"><h2>Bine a\u021bi venit<\/h2>\r\n<p>Aplica\u021bi \u00een doar c\u00e2\u021biva pa\u0219i folosind formularul nostru de aplicare rapid\u0103.<\/p>\r\n<p>Ne bucur\u0103m s\u0103 primim aplicarea dumneavoastr\u0103.\r\n<br \/>\r\nEchipa ta de la I.Z.P. &amp; RRL \u00een K\u00f6ln.\r\n<\/p>\r\n<br \/>\r\n<h3>Protec\u021bia datelor<\/h3>\r\n<p>V\u0103 rug\u0103m s\u0103 v\u0103 da\u021bi acordul pentru a continua cu aplicarea.\r\n<\/p><\/div><\/div><div id=\"evf-327-field_0AHpqOA5u6-3-container\" class=\"evf-field evf-field-privacy-policy form-row validate-required everest-forms-trigger-conditional\" data-required-field-message=\"Aceast\u0103 rubric\u0103 este obligatorie.\" data-field-id=\"0AHpqOA5u6-3\"><label class=\"evf-field-label\" for=\"evf-327-field_0AHpqOA5u6-3\"><span class=\"evf-label\">Protec\u021bia datelor<\/span> <abbr class=\"required\" title=\"Required\">*<\/abbr><\/label><input type=\"checkbox\" value=\"Sunt de acord ca societ\u0103\u021bile ZP Personaldienste GmbH \u0219i RRL Rhein-Ruhr Logistik- und Servicegesellschaft mbH s\u0103 poat\u0103 colecta \u0219i prelucra datele mele din acest formular \u00een scopul pefect\u0103rii. \u00cemi pot retrage acordul \u00een orice moment. Pot g\u0103si informa\u021bii suplimentare \u00een indica\u021biile privind protec\u021bia datelor ale [I.Z.P.](https:\/\/www.izp-personaldienste.de\/datenschutz.html) \u0219i [RRL](https:\/\/rhein-ruhr-logistik.de\/datenschutz\/).\" id=\"evf-327-field_0AHpqOA5u6-3\" class=\"input-text\" name=\"everest_forms[form_fields][0AHpqOA5u6-3]\" conditional_id=\"0AHpqOA5u6-3\" required \/><label class=\"evf-privacy-policy-consent-message\" for=\"evf-327-field_0AHpqOA5u6-3\">Sunt de acord ca societ\u0103\u021bile ZP Personaldienste GmbH \u0219i RRL Rhein-Ruhr Logistik- und Servicegesellschaft mbH s\u0103 poat\u0103 colecta \u0219i prelucra datele mele din acest formular \u00een scopul pefect\u0103rii. \u00cemi pot retrage acordul \u00een orice moment. Pot g\u0103si informa\u021bii suplimentare \u00een indica\u021biile privind protec\u021bia datelor ale <a data-page-id=\"\" target=\"_blank\" rel=\"noopener noreferrer nofollow\" href=\"https:\/\/www.izp-personaldienste.de\/datenschutz.html\" class=\"\">I.Z.P.<\/a> \u0219i <a data-page-id=\"\" target=\"_blank\" rel=\"noopener noreferrer nofollow\" href=\"https:\/\/rhein-ruhr-logistik.de\/datenschutz\/\" class=\"\">RRL<\/a>.<\/label><div class=\"evf-privacy-policy-local-page-contents\"><\/div><\/div><\/div><\/div><\/div><div class=\"everest-forms-part everest-forms-part-2 \" style=\"display:none;\" conditional_rules=\"\" conditional_message=\"\" data-preview=\"\"><div class=\"evf-frontend-row\" data-row=\"row_1\" conditional_rules=\"[]\"><div class=\"evf-frontend-grid evf-grid-1\" data-grid=\"grid_1\"><div id=\"evf-327-field_m0Sg7YP5o2-15-container\" class=\"evf-field evf-field-html form-row\" data-field-id=\"m0Sg7YP5o2-15\"><div id=\"evf-327-field_m0Sg7YP5o2-15\" class=\"input-text\" conditional_id=\"m0Sg7YP5o2-15\"><h3>Date cu caracter personal<\/h3>\r\n<p>V\u0103 rug\u0103m s\u0103 introduce\u021bi aici datele dumneavoastr\u0103.<\/p><\/div><\/div><div id=\"evf-327-field_v8eK6Jdi6m-7-container\" class=\"evf-field evf-field-select form-row validate-required everest-forms-trigger-conditional\" data-required-field-message=\"Aceast\u0103 rubric\u0103 este obligatorie.\" data-field-id=\"v8eK6Jdi6m-7\"><label class=\"evf-field-label\" for=\"evf-327-field_v8eK6Jdi6m-7\"><span class=\"evf-label\">Formula de adresare<\/span> <abbr class=\"required\" title=\"Required\">*<\/abbr><\/label><select id=\"evf-327-field_v8eK6Jdi6m-7\" class=\"input-text evf-field-required\" name=\"everest_forms[form_fields][v8eK6Jdi6m-7]\" required=\"required\" conditional_id=\"v8eK6Jdi6m-7\" ><option value=\"\" class=\"placeholder\" disabled  selected='selected'>V\u0103 rug\u0103m s\u0103 selecta\u021bi o formul\u0103 de adresare<\/option><option value=\"Domnul\" >Domnul<\/option><option value=\"Doamna\" >Doamna<\/option><option value=\"Divers\" >Divers<\/option><\/select><\/div><div id=\"evf-327-field_09o4oPAt6R-8-container\" class=\"evf-field evf-field-first-name form-row validate-required\" data-required-field-message=\"Aceast\u0103 rubric\u0103 este obligatorie.\" data-field-id=\"09o4oPAt6R-8\"><label class=\"evf-field-label\" for=\"evf-327-field_09o4oPAt6R-8\"><span class=\"evf-label\">Prenumele<\/span> <abbr class=\"required\" title=\"Required\">*<\/abbr><\/label><input type=\"text\" id=\"evf-327-field_09o4oPAt6R-8\" class=\"input-text\" name=\"everest_forms[form_fields][09o4oPAt6R-8]\" conditional_id=\"09o4oPAt6R-8\" required><\/div><div id=\"evf-327-field_ciNajZdUvo-9-container\" class=\"evf-field evf-field-last-name form-row validate-required\" data-required-field-message=\"Aceast\u0103 rubric\u0103 este obligatorie.\" data-field-id=\"ciNajZdUvo-9\"><label class=\"evf-field-label\" for=\"evf-327-field_ciNajZdUvo-9\"><span class=\"evf-label\">Numele de familie<\/span> <abbr class=\"required\" title=\"Required\">*<\/abbr><\/label><input type=\"text\" id=\"evf-327-field_ciNajZdUvo-9\" class=\"input-text\" name=\"everest_forms[form_fields][ciNajZdUvo-9]\" conditional_id=\"ciNajZdUvo-9\" required><\/div><div id=\"evf-327-field_GnFz84n9Zu-24-container\" class=\"evf-field evf-field-last-name form-row validate-required\" data-required-field-message=\"Aceast\u0103 rubric\u0103 este obligatorie.\" data-field-id=\"GnFz84n9Zu-24\"><label class=\"evf-field-label\" for=\"evf-327-field_GnFz84n9Zu-24\"><span class=\"evf-label\">Strada, nr.<\/span> <abbr class=\"required\" title=\"Required\">*<\/abbr><\/label><input type=\"text\" id=\"evf-327-field_GnFz84n9Zu-24\" class=\"input-text\" name=\"everest_forms[form_fields][GnFz84n9Zu-24]\" conditional_id=\"GnFz84n9Zu-24\" required><\/div><div id=\"evf-327-field_Osopc9KDEP-25-container\" class=\"evf-field evf-field-last-name form-row validate-required\" data-required-field-message=\"Aceast\u0103 rubric\u0103 este obligatorie.\" data-field-id=\"Osopc9KDEP-25\"><label class=\"evf-field-label\" for=\"evf-327-field_Osopc9KDEP-25\"><span class=\"evf-label\">Cod po\u0219tal<\/span> <abbr class=\"required\" title=\"Required\">*<\/abbr><\/label><input type=\"text\" id=\"evf-327-field_Osopc9KDEP-25\" class=\"input-text\" name=\"everest_forms[form_fields][Osopc9KDEP-25]\" conditional_id=\"Osopc9KDEP-25\" required><\/div><div id=\"evf-327-field_Woidn5U5f7-26-container\" class=\"evf-field evf-field-last-name form-row validate-required\" data-required-field-message=\"Aceast\u0103 rubric\u0103 este obligatorie.\" data-field-id=\"Woidn5U5f7-26\"><label class=\"evf-field-label\" for=\"evf-327-field_Woidn5U5f7-26\"><span class=\"evf-label\">Loca\u0163ie<\/span> <abbr class=\"required\" title=\"Required\">*<\/abbr><\/label><input type=\"text\" id=\"evf-327-field_Woidn5U5f7-26\" class=\"input-text\" name=\"everest_forms[form_fields][Woidn5U5f7-26]\" conditional_id=\"Woidn5U5f7-26\" required><\/div><div id=\"evf-327-field_HD8dCV8iWP-10-container\" class=\"evf-field evf-field-date-time form-row validate-required\" data-required-field-message=\"Aceast\u0103 rubric\u0103 este obligatorie.\" data-field-id=\"HD8dCV8iWP-10\"><label class=\"evf-field-label\" for=\"evf-327-field_HD8dCV8iWP-10\"><span class=\"evf-label\">Data na\u0219terii<\/span> <abbr class=\"required\" title=\"Required\">*<\/abbr><\/label><input type=\"text\" id=\"evf-327-field_HD8dCV8iWP-10\" class=\"flatpickr-field input-text\" name=\"everest_forms[form_fields][HD8dCV8iWP-10]\" data-time-interval=\"15\" data-date-time=\"date\" data-mode=\"single\" data-locale=\"ro\" data-date-format=\"d\/m\/Y\" conditional_id=\"HD8dCV8iWP-10\" required ><\/div><div id=\"evf-327-field_wWg3cGyMU9-11-container\" class=\"evf-field evf-field-text form-row validate-required\" data-required-field-message=\"Aceast\u0103 rubric\u0103 este obligatorie.\" data-field-id=\"wWg3cGyMU9-11\"><label class=\"evf-field-label\" for=\"evf-327-field_wWg3cGyMU9-11\"><span class=\"evf-label\">Locul na\u0219terii<\/span> <abbr class=\"required\" title=\"Required\">*<\/abbr><\/label><input type=\"text\" id=\"evf-327-field_wWg3cGyMU9-11\" class=\"input-text\" name=\"everest_forms[form_fields][wWg3cGyMU9-11]\" conditional_id=\"wWg3cGyMU9-11\" required><\/div><div id=\"evf-327-field_5w9djNSlem-12-container\" class=\"evf-field evf-field-text form-row validate-required\" data-required-field-message=\"Aceast\u0103 rubric\u0103 este obligatorie.\" data-field-id=\"5w9djNSlem-12\"><label class=\"evf-field-label\" for=\"evf-327-field_5w9djNSlem-12\"><span class=\"evf-label\">Na\u021bionalitatea<\/span> <abbr class=\"required\" title=\"Required\">*<\/abbr><\/label><input type=\"text\" id=\"evf-327-field_5w9djNSlem-12\" class=\"input-text\" name=\"everest_forms[form_fields][5w9djNSlem-12]\" conditional_id=\"5w9djNSlem-12\" required><\/div><div id=\"evf-327-field_email-container\" class=\"evf-field evf-field-email form-row validate-required validate-email\" data-required-field-message=\"V\u0103 rug\u0103m s\u0103 introduce\u021bi o adres\u0103 de e-mail valid\u0103. \" data-field-id=\"email\"><label class=\"evf-field-label\" for=\"evf-327-field_email\"><span class=\"evf-label\">Adresa de e-mail<\/span> <abbr class=\"required\" title=\"Required\">*<\/abbr><\/label><input type=\"email\" id=\"evf-327-field_email\" class=\"input-text\" name=\"everest_forms[form_fields][email]\" conditional_id=\"email\" required ><\/div><div id=\"evf-327-field_tYIXaHU99O-13-container\" class=\"evf-field evf-field-phone form-row validate-required validate-phone\" data-required-field-message=\"V\u0103 rug\u0103m s\u0103 introduce\u021bi un num\u0103r de telefon valid.\" data-field-id=\"tYIXaHU99O-13\"><label class=\"evf-field-label\" for=\"evf-327-field_tYIXaHU99O-13\"><span class=\"evf-label\">Telefon (mobil)<\/span> <abbr class=\"required\" title=\"Required\">*<\/abbr><\/label><input type=\"tel\" id=\"evf-327-field_tYIXaHU99O-13\" class=\"input-text evf-smart-phone-field\" data-rule-smart-phone-field=\"true\" name=\"everest_forms[form_fields][tYIXaHU99O-13]\" conditional_id=\"tYIXaHU99O-13\" required><\/div><div id=\"evf-327-field_lWKOGRLVcD-14-container\" class=\"evf-field evf-field-phone form-row validate-phone\" data-field-id=\"lWKOGRLVcD-14\"><label class=\"evf-field-label\" for=\"evf-327-field_lWKOGRLVcD-14\"><span class=\"evf-label\">Telefon (re\u021bea fix\u0103)<\/span> <\/label><input type=\"tel\" id=\"evf-327-field_lWKOGRLVcD-14\" class=\"input-text evf-smart-phone-field\" data-rule-smart-phone-field=\"true\" name=\"everest_forms[form_fields][lWKOGRLVcD-14]\" conditional_id=\"lWKOGRLVcD-14\" ><\/div><\/div><\/div><\/div><div class=\"everest-forms-part everest-forms-part-3 \" style=\"display:none;\" conditional_rules=\"\" conditional_message=\"\" data-preview=\"\"><div class=\"evf-frontend-row\" data-row=\"row_2\" conditional_rules=\"[]\"><div class=\"evf-frontend-grid evf-grid-1\" data-grid=\"grid_1\"><div id=\"evf-327-field_T7bSXDscRV-16-container\" class=\"evf-field evf-field-html form-row\" data-field-id=\"T7bSXDscRV-16\"><div id=\"evf-327-field_T7bSXDscRV-16\" class=\"input-text\" conditional_id=\"T7bSXDscRV-16\"><h3>Aplicare ca \u0219i<\/h3>\r\n<p>V\u0103 rug\u0103m s\u0103 introduce\u021bi aici informa\u021bii suplimentare, astfel \u00eenc\u00e2t s\u0103 putem g\u0103si jobul potrivit pentru dumneavoastr\u0103.<\/p><\/div><\/div><\/div><\/div><div class=\"evf-frontend-row\" data-row=\"row_3\" conditional_rules=\"[]\"><div class=\"evf-frontend-grid evf-grid-1\" data-grid=\"grid_1\"><div id=\"evf-327-field_zsRQFTi6G8-17-container\" class=\"evf-field evf-field-textarea form-row\" data-field-id=\"zsRQFTi6G8-17\"><label class=\"evf-field-label\" for=\"evf-327-field_zsRQFTi6G8-17\"><span class=\"evf-label\">Aplicare ca \u0219i<\/span> <\/label><textarea id=\"evf-327-field_zsRQFTi6G8-17\" class=\"input-text\" name=\"everest_forms[form_fields][zsRQFTi6G8-17]\" conditional_id=\"zsRQFTi6G8-17\"  ><\/textarea><div class=\"evf-field-description\">V\u0103 rug\u0103m s\u0103 ne comunica\u021bi profesiile pentru care dori\u021bi s\u0103 aplica\u021bi.<\/div><\/div><div id=\"evf-327-field_nlYLAnNQNR-18-container\" class=\"evf-field evf-field-text form-row\" data-field-id=\"nlYLAnNQNR-18\"><label class=\"evf-field-label\" for=\"evf-327-field_nlYLAnNQNR-18\"><span class=\"evf-label\">Salariu vizat \u00een EURO \/ or\u0103<\/span> <\/label><input type=\"text\" id=\"evf-327-field_nlYLAnNQNR-18\" class=\"input-text\" name=\"everest_forms[form_fields][nlYLAnNQNR-18]\" conditional_id=\"nlYLAnNQNR-18\" ><\/div><div id=\"evf-327-field_LfzuN3cPHM-20-container\" class=\"evf-field evf-field-date-time form-row\" data-field-id=\"LfzuN3cPHM-20\"><label class=\"evf-field-label\" for=\"evf-327-field_LfzuN3cPHM-20\"><span class=\"evf-label\">Data posibil\u0103 de \u00eencepere a activit\u0103\u021bii<\/span> <\/label><input type=\"text\" id=\"evf-327-field_LfzuN3cPHM-20\" class=\"flatpickr-field input-text\" name=\"everest_forms[form_fields][LfzuN3cPHM-20]\" data-time-interval=\"15\" data-date-time=\"date\" data-mode=\"single\" data-locale=\"ro\" data-date-format=\"d\/m\/Y\" conditional_id=\"LfzuN3cPHM-20\"  ><\/div><div id=\"evf-327-field_brFSEZQsGf-23-container\" class=\"evf-field evf-field-file-upload form-row\" data-field-id=\"brFSEZQsGf-23\"><label class=\"evf-field-label\" for=\"evf-327-field_brFSEZQsGf-23\"><span class=\"evf-label\">Curriculum vitae<\/span> <\/label>\t\t<div class=\"everest-forms-uploader\"\n\t\t\tdata-field-id=\"brFSEZQsGf-23\"\n\t\t\tdata-form-id=\"327\"\n\t\t\tdata-input-name=\"everest_forms_327_brFSEZQsGf-23\"\n\t\t\tdata-extensions=\"pdf\"\n\t\t\tdata-max-size=\"536870912\"\n\t\t\tdata-max-file-number=\"1\"\n\t\t\tdata-post-max-size=\"536870912\"\n\t\t\tdata-current-file-count=\"0\"\n\t\t\t>\n\t\t\t<div class=\"dz-message\">\n\t\t\t\t<svg xmlns=\"http:\/\/www.w3.org\/2000\/svg\" viewBox=\"0 0 32 32\" width=\"32px\" height=\"32px\" fill=\"#868e96\"><path class=\"cls-1\" d=\"M18.12,17.52,17,16.4V25a1,1,0,0,1-2,0V16.4l-1.12,1.12a1,1,0,0,1-1.42,0,1,1,0,0,1,0-1.41l2.83-2.83a1,1,0,0,1,1.42,0l2.83,2.83a1,1,0,0,1-.71,1.7A1,1,0,0,1,18.12,17.52ZM22,22H20a1,1,0,0,1,0-2h2a4,4,0,0,0,.27-8,1,1,0,0,1-.84-.57,6,6,0,0,0-11.36,1.69,1,1,0,0,1-1,.86H9A3,3,0,0,0,9,20h3a1,1,0,0,1,0,2H9a5,5,0,0,1-.75-9.94A8,8,0,0,1,23,10.1,6,6,0,0,1,22,22Z\"\/><\/svg>\n\t\t\t\t<span class=\"everest-forms-upload-title\">\n\t\t\t\t\tDac\u0103 ave\u021bi la dispozi\u021bie CV-ul \u00een format PDF, atunci \u00eel pute\u021bi \u00eenc\u0103rca aici.\t\t\t\t<\/span>\n\n\t\t\t\t\t\t\t\t\t<span class=\"everest-forms-upload-hint\">\n\t\t\t\t\t\tPute\u021bi \u00eenc\u0103rca p\u00e2n\u0103 la 1 fi\u0219ier.\t\t\t\t\t<\/span>\n\t\t\t\t\t\t\t<\/div>\n\t\t\t\t\t<\/div>\n\t\t<input type=\"text\" class=\"dropzone-input input-text\" id=\"everest-forms-327-field_brFSEZQsGf-23\" name=\"everest_forms_327_brFSEZQsGf-23\"  conditional_id=\"brFSEZQsGf-23\" conditional_rules=''>\n\t\t<div class=\"evf-field-description\">Introduce\u021bi fi\u0219ierul dumneavoastr\u0103 aici sau face\u021bi clic aici pentru a-l \u00eenc\u0103rca.<\/div><\/div><\/div><\/div><\/div><div class=\"everest-forms-part everest-forms-part-4 last\" style=\"display:none;\" conditional_rules=\"\" conditional_message=\"\" data-preview=\"1\"><div class=\"evf-frontend-row\" data-row=\"row_5\" conditional_rules=\"[]\"><div class=\"evf-frontend-grid evf-grid-1\" data-grid=\"grid_1\"><\/div><\/div><\/div><\/div><div class=\"evf-honeypot-container evf-field-hp\"><label for=\"evf-327-field-hp\" class=\"evf-field-label\">Phone<\/label><input type=\"text\" name=\"everest_forms[hp]\" id=\"evf-327-field-hp\" class=\"input-text\"><\/div><div class=\"evf-submit-container everest-forms-multi-part-actions everest-forms-nav-align--center\" ><input type=\"hidden\" name=\"everest_forms[id]\" value=\"327\"><input type=\"hidden\" name=\"everest_forms[author]\" value=\"1\"><button type=\"button\" class=\"everest-forms-part-button everest-forms-part-prev button\" data-action=\"prev\" data-part=\"1\" data-formid=\"327\" data-label-part-1=\"\u00ceNAPOI\" data-label-part-2=\"\u00ceNAPOI\" data-label-part-3=\"\u00ceNAPOI\" data-label-part-4=\"\u00ceNAPOI\"  style=\"display:none;\">\u00ceNAPOI<\/button><button type=\"button\" class=\"everest-forms-part-button everest-forms-part-next button\" data-action=\"next\" data-part=\"1\" data-formid=\"327\" data-label-part-1=\"CONTINUARE\" data-label-part-2=\"CONTINUARE\" data-label-part-3=\"CONTINUARE\" data-label-part-4=\"CONTINUARE\" >CONTINUARE<\/button><button type='submit' name='everest_forms[submit]' class='everest-forms-submit-button button evf-submit ' id='evf-submit-327' value='evf-submit' data-process-text=\"Wird bearbeitet\u2026\" conditional_rules='&quot;&quot;' conditional_id='evf-submit-327' style=\"display:none\" id=\"evf-submit-327\" aria-live=\"assertive\">TRIMITE\u021aI APLICAREA<\/button><\/div><\/form><\/div><!-- .evf-container --><\/div>\n","protected":false},"excerpt":{"rendered":"<p>Aplicare rapid\u0103 G\u0103se\u0219te-\u021bi locul de munc\u0103 visat cu doar c\u00e2teva clicuri!<\/p>\n","protected":false},"author":1,"featured_media":0,"parent":0,"menu_order":0,"comment_status":"closed","ping_status":"closed","template":"","meta":{"footnotes":""},"class_list":["post-323","page","type-page","status-publish","hentry"],"blocksy_meta":{"styles_descriptor":{"styles":{"desktop":"","tablet":"","mobile":""},"google_fonts":[],"version":6},"page_title_panel":"","has_hero_section":"disabled","7fe190791c140e61030b493fc5bd8356":"","hero_section":"type-1","hero_elements":[{"id":"custom_title","enabled":true,"heading_tag":"h1","title":"Startseite"},{"id":"custom_description","enabled":true,"description_visibility":{"desktop":true,"tablet":true,"mobile":false}},{"id":"custom_meta","enabled":false,"meta_elements":[{"id":"author","enabled":true,"label":"Von","has_author_avatar":"yes","avatar_size":25},{"id":"post_date","enabled":true,"label":"Am","date_format_source":"default","date_format":"M j, Y"},{"id":"updated_date","enabled":false,"label":"Am","date_format_source":"default","date_format":"M j, Y"},{"id":"categories","enabled":false,"label":"In","style":"simple"},{"id":"comments","enabled":true}],"page_meta_elements":{"joined":true,"articles_count":true,"comments":true}},{"id":"breadcrumbs","enabled":false}],"178c0163fe2b1033a26df5f1f6c7e40b":"","hero_alignment1":"CT_CSS_SKIP_RULE","hero_margin":40,"hero_alignment2":"center","hero_vertical_alignment":"center","83c10cd4c605143477c4671a03f1c43e":"","hero_structure":"narrow","d26dc46dbba91830a4101188b39dbad0":"","page_title_bg_type":"featured_image","custom_hero_background":{"attachment_id":null},"page_title_image_size":"full","parallax":{"desktop":false,"tablet":false,"mobile":false},"9583d712ed80b6b08e7154f7418a8176":"","hero_height":"250px","pageTitleFont":{"family":"Default","variation":"Default","size":"30px","line-height":"CT_CSS_SKIP_RULE","letter-spacing":"CT_CSS_SKIP_RULE","text-transform":"CT_CSS_SKIP_RULE","text-decoration":"CT_CSS_SKIP_RULE"},"pageTitleFontColor":{"default":{"color":"CT_CSS_SKIP_RULEDEFAULT"}},"pageMetaFont":{"family":"Default","variation":"n6","size":"12px","line-height":"1.3","letter-spacing":"CT_CSS_SKIP_RULE","text-transform":"uppercase","text-decoration":"CT_CSS_SKIP_RULE"},"pageMetaFontColor":{"default":{"color":"CT_CSS_SKIP_RULEDEFAULT"},"hover":{"color":"CT_CSS_SKIP_RULEDEFAULT"}},"page_meta_button_type_font_colors":{"default":{"color":"CT_CSS_SKIP_RULEDEFAULT"},"hover":{"color":"CT_CSS_SKIP_RULEDEFAULT"}},"page_meta_button_type_background_colors":{"default":{"color":"CT_CSS_SKIP_RULEDEFAULT"},"hover":{"color":"CT_CSS_SKIP_RULEDEFAULT"}},"pageExcerptFont":{"family":"Default","variation":"Default","size":"CT_CSS_SKIP_RULE","line-height":"CT_CSS_SKIP_RULE","letter-spacing":"CT_CSS_SKIP_RULE","text-transform":"CT_CSS_SKIP_RULE","text-decoration":"CT_CSS_SKIP_RULE"},"pageExcerptColor":{"default":{"color":"CT_CSS_SKIP_RULEDEFAULT"}},"breadcrumbsFont":{"family":"Default","variation":"Default","size":"CT_CSS_SKIP_RULE","line-height":"CT_CSS_SKIP_RULE","letter-spacing":"CT_CSS_SKIP_RULE","text-transform":"CT_CSS_SKIP_RULE","text-decoration":"CT_CSS_SKIP_RULE"},"breadcrumbsFontColor":{"default":{"color":"CT_CSS_SKIP_RULEDEFAULT"},"initial":{"color":"CT_CSS_SKIP_RULEDEFAULT"},"hover":{"color":"CT_CSS_SKIP_RULEDEFAULT"}},"pageTitleOverlay":{"background_type":"color","background_pattern":"type-1","background_image":{"attachment_id":null,"x":0,"y":0},"gradient":"linear-gradient(135deg,rgba(6,147,227,1) 0%,rgb(155,81,224) 100%)","background_repeat":"repeat","background_size":"auto","background_attachment":"scroll","patternColor":{"default":{"color":"#e5e7ea"}},"overlayColor":{"default":{"color":"CT_CSS_SKIP_RULE"}},"backgroundColor":{"default":{"color":"CT_CSS_SKIP_RULE"}}},"pageTitleBackground":{"background_type":"color","background_pattern":"type-1","background_image":{"attachment_id":null,"x":0,"y":0},"gradient":"linear-gradient(135deg,rgba(6,147,227,1) 0%,rgb(155,81,224) 100%)","background_repeat":"repeat","background_size":"auto","background_attachment":"scroll","patternColor":{"default":{"color":"#e5e7ea"}},"overlayColor":{"default":{"color":"CT_CSS_SKIP_RULE"}},"backgroundColor":{"default":{"color":"var(--theme-palette-color-6)"}}},"pageTitlePadding":{"top":"50px","bottom":"50px","left":"auto","right":"auto","linked":true},"e2730446bfaf7d1f586dd49b0fbcfa8a":"","page_structure_type":"default","72e6cde6e99f9c63f14e541d0f5dc011":"","content_style_source":"inherit","content_style":"wide","vertical_spacing_source":"inherit","content_area_spacing":"both","background":{"background_type":"color","background_pattern":"type-1","background_image":{"attachment_id":null,"x":0,"y":0},"gradient":"linear-gradient(135deg,rgba(6,147,227,1) 0%,rgb(155,81,224) 100%)","background_repeat":"repeat","background_size":"auto","background_attachment":"scroll","patternColor":{"default":{"color":"#e5e7ea"}},"overlayColor":{"default":{"color":"CT_CSS_SKIP_RULE"}},"backgroundColor":{"default":{"color":"CT_CSS_SKIP_RULE"}}},"content_background":{"background_type":"color","background_pattern":"type-1","background_image":{"attachment_id":null,"x":0,"y":0},"gradient":"linear-gradient(135deg,rgba(6,147,227,1) 0%,rgb(155,81,224) 100%)","background_repeat":"repeat","background_size":"auto","background_attachment":"scroll","patternColor":{"default":{"color":"#e5e7ea"}},"overlayColor":{"default":{"color":"CT_CSS_SKIP_RULE"}},"backgroundColor":{"default":{"color":"var(--theme-palette-color-8)"}}},"content_boxed_shadow":{"inherit":false,"blur":18,"spread":-6,"v_offset":12,"h_offset":0,"inset":false,"enable":true,"color":{"color":"rgba(34, 56, 101, 0.04)"}},"content_boxed_border":{"width":1,"style":"none","color":{"color":"rgba(44,62,80,0.2)"}},"content_boxed_radius":{"top":"3px","bottom":"3px","left":"3px","right":"3px","linked":true},"boxed_content_spacing":{"desktop":{"top":"40px","bottom":"40px","left":"40px","right":"40px","linked":true},"tablet":{"top":"35px","bottom":"35px","left":"35px","right":"35px","linked":true},"mobile":{"top":"20px","bottom":"20px","left":"20px","right":"20px","linked":true}},"1fa1752776628b9a9e8b9c53735a97c7":"","disable_featured_image":"no","disable_share_box":"no","disable_header":"no","disable_footer":"no"},"_links":{"self":[{"href":"https:\/\/jobs-izp-rrl.de\/ro\/wp-json\/wp\/v2\/pages\/323","targetHints":{"allow":["GET"]}}],"collection":[{"href":"https:\/\/jobs-izp-rrl.de\/ro\/wp-json\/wp\/v2\/pages"}],"about":[{"href":"https:\/\/jobs-izp-rrl.de\/ro\/wp-json\/wp\/v2\/types\/page"}],"author":[{"embeddable":true,"href":"https:\/\/jobs-izp-rrl.de\/ro\/wp-json\/wp\/v2\/users\/1"}],"replies":[{"embeddable":true,"href":"https:\/\/jobs-izp-rrl.de\/ro\/wp-json\/wp\/v2\/comments?post=323"}],"version-history":[{"count":2,"href":"https:\/\/jobs-izp-rrl.de\/ro\/wp-json\/wp\/v2\/pages\/323\/revisions"}],"predecessor-version":[{"id":328,"href":"https:\/\/jobs-izp-rrl.de\/ro\/wp-json\/wp\/v2\/pages\/323\/revisions\/328"}],"wp:attachment":[{"href":"https:\/\/jobs-izp-rrl.de\/ro\/wp-json\/wp\/v2\/media?parent=323"}],"curies":[{"name":"wp","href":"https:\/\/api.w.org\/{rel}","templated":true}]}}